{"id":24,"date":"2024-01-30T20:14:13","date_gmt":"2024-01-30T20:14:13","guid":{"rendered":"http:\/\/www.pauldanielgruber.com\/psychologie\/?page_id=24"},"modified":"2024-04-22T17:42:18","modified_gmt":"2024-04-22T17:42:18","slug":"uber-mich","status":"publish","type":"page","link":"https:\/\/www.pauldanielgruber.com\/psychologie\/en\/uber-mich\/","title":{"rendered":"About me"},"content":{"rendered":"<div class=\"wp-block-image\">\n<figure class=\"aligncenter size-large\"><img fetchpriority=\"high\" decoding=\"async\" width=\"1024\" height=\"580\" src=\"http:\/\/www.pauldanielgruber.com\/psychologie\/wp-content\/uploads\/2024\/02\/IMG-20230530-WA0045-1-e1707251941630-1024x580.jpg\" alt=\"\" class=\"wp-image-82\" srcset=\"https:\/\/www.pauldanielgruber.com\/psychologie\/wp-content\/uploads\/2024\/02\/IMG-20230530-WA0045-1-e1707251941630-1024x580.jpg 1024w, https:\/\/www.pauldanielgruber.com\/psychologie\/wp-content\/uploads\/2024\/02\/IMG-20230530-WA0045-1-e1707251941630-300x170.jpg 300w, https:\/\/www.pauldanielgruber.com\/psychologie\/wp-content\/uploads\/2024\/02\/IMG-20230530-WA0045-1-e1707251941630-768x435.jpg 768w, https:\/\/www.pauldanielgruber.com\/psychologie\/wp-content\/uploads\/2024\/02\/IMG-20230530-WA0045-1-e1707251941630-18x10.jpg 18w, https:\/\/www.pauldanielgruber.com\/psychologie\/wp-content\/uploads\/2024\/02\/IMG-20230530-WA0045-1-e1707251941630-106x60.jpg 106w, https:\/\/www.pauldanielgruber.com\/psychologie\/wp-content\/uploads\/2024\/02\/IMG-20230530-WA0045-1-e1707251941630.jpg 1200w\" sizes=\"(max-width: 1024px) 100vw, 1024px\" \/><\/figure>\n<\/div>\n\n\n<p><br>I am a 40-year-old counselor based in Vienna, with diverse life experiences that enrich my\npractice. My journey has taken me to the UK and Innsbruck, where I connected with people\nfrom various cultures and backgrounds. These experiences have been invaluable in my national and international counseling work in both German and English.<\/p>\n\n\n\n<p>After many years in technology and business, I embarked on a journey of self-discovery and\nrealized that my true calling was psychology. Having always been drawn to it, I found myself\nnaturally providing counsel to family, friends, acquaintances, and colleagues from a young age. This realization led me to pursue certification and turn my passion into my profession. Supporting people in their search, development, and struggles is deeply fulfilling for me.<\/p>\n\n\n\n<p>My approach is holistic, drawing from my psychological education, Tao spirituality, meditation practices, and sports. I prioritize my own mental and physical well-being through activities like hiking, which helps me connect with nature, stay fit, and clear my mind. As a certified mountain guide, I also plan to offer unique counseling sessions that combine hiking, meditation, and mindfulness in nature, providing a refreshing and calming experience.\n\nThrough my psychological education, interest in Tao spirituality, meditation and sports I contribute to my own mental and physical health. For me hiking is not only a means to connect with nature, but also an opportunity to stay in shape and cleanse my mind. Therefore, you can meet me often in the mountains and nature. Combined with my education as certified mountain guide I am planning to offer counselling together with hiking and meditation as well as mindfulness practice in nature, which can provide an energizing and calming atmosphere. Please reach out in case of interest and we try to work something out. If you are interested in exploring this innovative approach, please reach out.<\/p>\n\n\n\n<p>Together, we can embark on new paths with confidence and positivity. Let's take the first step toward a fulfilling future together.<\/p>","protected":false},"excerpt":{"rendered":"<p>Ich bin 40 Jahre alt und lebe in Wien. In meiner Vergangenheit habe ich auch einige Jahre in Gro\u00dfbritannien und Innsbruck verbracht und konnte dort viele verschiedene Menschen aus vielen L\u00e4ndern und mit unterschiedlichen Pers\u00f6nlichkeiten kennenlernen, was mir auch in meiner Arbeit als psychologischer Berater national wie international sowie auf Deutsch und Englisch gute Dienste &hellip; <\/p>","protected":false},"author":1,"featured_media":0,"parent":0,"menu_order":0,"comment_status":"closed","ping_status":"closed","template":"","meta":{"footnotes":""},"class_list":["post-24","page","type-page","status-publish","hentry","grid-sizer"],"_links":{"self":[{"href":"https:\/\/www.pauldanielgruber.com\/psychologie\/en\/wp-json\/wp\/v2\/pages\/24","targetHints":{"allow":["GET"]}}],"collection":[{"href":"https:\/\/www.pauldanielgruber.com\/psychologie\/en\/wp-json\/wp\/v2\/pages"}],"about":[{"href":"https:\/\/www.pauldanielgruber.com\/psychologie\/en\/wp-json\/wp\/v2\/types\/page"}],"author":[{"embeddable":true,"href":"https:\/\/www.pauldanielgruber.com\/psychologie\/en\/wp-json\/wp\/v2\/users\/1"}],"replies":[{"embeddable":true,"href":"https:\/\/www.pauldanielgruber.com\/psychologie\/en\/wp-json\/wp\/v2\/comments?post=24"}],"version-history":[{"count":12,"href":"https:\/\/www.pauldanielgruber.com\/psychologie\/en\/wp-json\/wp\/v2\/pages\/24\/revisions"}],"predecessor-version":[{"id":123,"href":"https:\/\/www.pauldanielgruber.com\/psychologie\/en\/wp-json\/wp\/v2\/pages\/24\/revisions\/123"}],"wp:attachment":[{"href":"https:\/\/www.pauldanielgruber.com\/psychologie\/en\/wp-json\/wp\/v2\/media?parent=24"}],"curies":[{"name":"wp","href":"https:\/\/api.w.org\/{rel}","templated":true}]}}