{"id":26,"date":"2024-01-30T20:14:13","date_gmt":"2024-01-30T20:14:13","guid":{"rendered":"http:\/\/www.pauldanielgruber.com\/psychologie\/?page_id=26"},"modified":"2024-09-30T12:59:11","modified_gmt":"2024-09-30T12:59:11","slug":"fur-dich-for-you","status":"publish","type":"page","link":"https:\/\/www.pauldanielgruber.com\/psychologie\/de_de\/fur-dich-for-you\/","title":{"rendered":"F\u00fcr Dich"},"content":{"rendered":"\n<p>Gerne unterst\u00fctze ich Dich pers\u00f6nlich oder ganz flexibel per Video Chat.<\/p>\n\n\n\n<p><strong>Physisch: <\/strong>Beratung in meinen R\u00e4umlichkeiten in 1030 Wien oder 1210<br><strong>Online: <\/strong>Zoom, Teams oder Skype<\/p>\n\n\n\n<h2 class=\"wp-block-heading\">Preise<\/h2>\n\n\n\n<p><strong>Erstbesprechung: <\/strong>30 Min, \u20ac 35<br><strong>Einzelgespr\u00e4ch: <\/strong>60 Min, \u20ac 70<br><strong>Paargespr\u00e4ch <\/strong>(Paar, Elternteil-Kind, Freund-Freund): 90 Minuten, \u20ac 180<\/p>\n\n\n\n<h2 class=\"wp-block-heading\">Beispielhafte Themen<\/h2>\n\n\n\n<p>Grunds\u00e4tzlich bist du mit jedem deiner Themen willkommen und findest ein sicheres Umfeld. Nichtsdestotrotz hier ein paar Beispiele:<\/p>\n\n\n\n<ul class=\"wp-block-list\">\n<li>Hast du Schwierigkeiten mit deiner Beziehung, Freunden, Familie oder deinem Umfeld?<\/li>\n\n\n\n<li>Fragst du dich immer wieder wer du eigentlich bist und wie du das beste daraus machen kannst?<\/li>\n\n\n\n<li>Wei\u00dft du nicht so recht, wo dein Leben, Studium oder Beruf hingehen soll?<\/li>\n\n\n\n<li>F\u00fchlst du dich die ganze Zeit angespannt und rastlos?<\/li>\n\n\n\n<li>F\u00fcrchtest du dich vor bestimmten Dingen und m\u00f6chtest diese Furcht los werden?<\/li>\n\n\n\n<li>M\u00f6chtest du achtsamer und ausgeglichener Leben?<\/li>\n\n\n\n<li>F\u00fchlst du dich gestresst und m\u00f6chtest das \u00e4ndern?<\/li>\n\n\n\n<li>M\u00f6chtest du Unterst\u00fctzung bei Bewerbungen von jemandem, der schwierigste Bewerbungsprozesse durchlaufen ist? <\/li>\n<\/ul>\n\n\n\n<p>Grunds\u00e4tzlich ist jede Situation einzigartig. Wir werden gemeinsam ermitteln, was dich wirklich besch\u00e4ftigt und basierend darauf einen passenden Ansatz w\u00e4hlen.<\/p>\n","protected":false},"excerpt":{"rendered":"<p>Gerne unterst\u00fctze ich Dich pers\u00f6nlich oder ganz flexibel per Video Chat. Physisch: Beratung in meinen R\u00e4umlichkeiten in 1030 Wien oder 1210Online: Zoom, Teams oder Skype Preise Erstbesprechung: 30 Min, \u20ac 35Einzelgespr\u00e4ch: 60 Min, \u20ac 70Paargespr\u00e4ch (Paar, Elternteil-Kind, Freund-Freund): 90 Minuten, \u20ac 180 Beispielhafte Themen Grunds\u00e4tzlich bist du mit jedem deiner Themen willkommen und findest ein &hellip; <\/p>\n","protected":false},"author":1,"featured_media":0,"parent":0,"menu_order":0,"comment_status":"closed","ping_status":"closed","template":"","meta":{"footnotes":""},"class_list":["post-26","page","type-page","status-publish","hentry","grid-sizer"],"_links":{"self":[{"href":"https:\/\/www.pauldanielgruber.com\/psychologie\/de_de\/wp-json\/wp\/v2\/pages\/26","targetHints":{"allow":["GET"]}}],"collection":[{"href":"https:\/\/www.pauldanielgruber.com\/psychologie\/de_de\/wp-json\/wp\/v2\/pages"}],"about":[{"href":"https:\/\/www.pauldanielgruber.com\/psychologie\/de_de\/wp-json\/wp\/v2\/types\/page"}],"author":[{"embeddable":true,"href":"https:\/\/www.pauldanielgruber.com\/psychologie\/de_de\/wp-json\/wp\/v2\/users\/1"}],"replies":[{"embeddable":true,"href":"https:\/\/www.pauldanielgruber.com\/psychologie\/de_de\/wp-json\/wp\/v2\/comments?post=26"}],"version-history":[{"count":11,"href":"https:\/\/www.pauldanielgruber.com\/psychologie\/de_de\/wp-json\/wp\/v2\/pages\/26\/revisions"}],"predecessor-version":[{"id":164,"href":"https:\/\/www.pauldanielgruber.com\/psychologie\/de_de\/wp-json\/wp\/v2\/pages\/26\/revisions\/164"}],"wp:attachment":[{"href":"https:\/\/www.pauldanielgruber.com\/psychologie\/de_de\/wp-json\/wp\/v2\/media?parent=26"}],"curies":[{"name":"wp","href":"https:\/\/api.w.org\/{rel}","templated":true}]}}