{"id":24,"date":"2024-01-30T20:14:13","date_gmt":"2024-01-30T20:14:13","guid":{"rendered":"http:\/\/www.pauldanielgruber.com\/psychologie\/?page_id=24"},"modified":"2024-04-22T17:42:18","modified_gmt":"2024-04-22T17:42:18","slug":"uber-mich","status":"publish","type":"page","link":"https:\/\/www.pauldanielgruber.com\/psychologie\/de_de\/uber-mich\/","title":{"rendered":"\u00dcber mich"},"content":{"rendered":"<div class=\"wp-block-image\">\n<figure class=\"aligncenter size-large\"><img fetchpriority=\"high\" decoding=\"async\" width=\"1024\" height=\"580\" src=\"http:\/\/www.pauldanielgruber.com\/psychologie\/wp-content\/uploads\/2024\/02\/IMG-20230530-WA0045-1-e1707251941630-1024x580.jpg\" alt=\"\" class=\"wp-image-82\" srcset=\"https:\/\/www.pauldanielgruber.com\/psychologie\/wp-content\/uploads\/2024\/02\/IMG-20230530-WA0045-1-e1707251941630-1024x580.jpg 1024w, https:\/\/www.pauldanielgruber.com\/psychologie\/wp-content\/uploads\/2024\/02\/IMG-20230530-WA0045-1-e1707251941630-300x170.jpg 300w, https:\/\/www.pauldanielgruber.com\/psychologie\/wp-content\/uploads\/2024\/02\/IMG-20230530-WA0045-1-e1707251941630-768x435.jpg 768w, https:\/\/www.pauldanielgruber.com\/psychologie\/wp-content\/uploads\/2024\/02\/IMG-20230530-WA0045-1-e1707251941630-18x10.jpg 18w, https:\/\/www.pauldanielgruber.com\/psychologie\/wp-content\/uploads\/2024\/02\/IMG-20230530-WA0045-1-e1707251941630-106x60.jpg 106w, https:\/\/www.pauldanielgruber.com\/psychologie\/wp-content\/uploads\/2024\/02\/IMG-20230530-WA0045-1-e1707251941630.jpg 1200w\" sizes=\"(max-width: 1024px) 100vw, 1024px\" \/><\/figure>\n<\/div>\n\n\n<p><br>Ich bin 40 Jahre alt und lebe in Wien. In meiner Vergangenheit habe ich auch einige Jahre in Gro\u00dfbritannien und Innsbruck verbracht und konnte dort viele verschiedene Menschen aus vielen L\u00e4ndern und mit unterschiedlichen Pers\u00f6nlichkeiten kennenlernen, was mir auch in meiner Arbeit als psychologischer Berater national wie international sowie auf Deutsch und Englisch gute Dienste leistet.<\/p>\n\n\n\n<p>Nach vielen Jahren in Technologie &amp; Wirtschaft, erforschte auch ich meine Identit\u00e4t und kam zu dem Schluss, dass meine Identit\u00e4t deutlich mehr ist, als die Summe der bislang praktizierten Teile. Ich war schon immer psychologisch interessiert, las entsprechende B\u00fccher und erkannte den Hang seit Kindesalter der psychologische Berater f\u00fcr Familie, Freunde, Bekannte und Kollegen zu sein. Es war also Zeit aus dem Hobby einen Beruf zu machen. So begann meine Reise zum diplomierten psychologischen Berater oder auch unter dem gesetzlichen Titel Lebens- und Sozialberater bekannt. Am meisten bereitet es mir Freude und Erf\u00fcllung, wenn ich Suchende, Weiterentwicklungs-Motivierte oder psychologisch Schmerzgeplagte bei ihren Anliegen unterst\u00fctzen darf.<\/p>\n\n\n\n<p>Durch psychologische Weiterbildung, Interesse an der Tao Spiritualit\u00e4t, Meditation und sportliche Aktivit\u00e4ten trage ich dazu bei, mental und k\u00f6rperlich fit zu bleiben. F\u00fcr mich ist das Wandern nicht nur ein Mittel mich mit der Natur zu verbinden, sondern auch eine M\u00f6glichkeit fit zu bleiben und meinen Geist zu reinigen. Deswegen kann man mich oft in den Bergen bzw. in der Natur antreffen. Gepaart mit meiner abgeschlossenen Ausbildung zum zertifizierten Bergwanderf\u00fchrer gedenke ich auch in Zukunft meine psychologische Beratungspraxis gepaart mit Wandern und Meditation in der Natur anzubieten, da diese eine energiespendende Atmosph\u00e4re schaffen kann. Frage gerne an, wenn du dazu Interesse hast und wir schauen gemeinsam, was wir wie erm\u00f6glichen k\u00f6nnen.<\/p>\n\n\n\n<p>Lass uns mit Zuversicht gemeinsam neue Wege beschreiten.<\/p>\n","protected":false},"excerpt":{"rendered":"<p>Ich bin 40 Jahre alt und lebe in Wien. In meiner Vergangenheit habe ich auch einige Jahre in Gro\u00dfbritannien und Innsbruck verbracht und konnte dort viele verschiedene Menschen aus vielen L\u00e4ndern und mit unterschiedlichen Pers\u00f6nlichkeiten kennenlernen, was mir auch in meiner Arbeit als psychologischer Berater national wie international sowie auf Deutsch und Englisch gute Dienste &hellip; <\/p>\n","protected":false},"author":1,"featured_media":0,"parent":0,"menu_order":0,"comment_status":"closed","ping_status":"closed","template":"","meta":{"footnotes":""},"class_list":["post-24","page","type-page","status-publish","hentry","grid-sizer"],"_links":{"self":[{"href":"https:\/\/www.pauldanielgruber.com\/psychologie\/de_de\/wp-json\/wp\/v2\/pages\/24","targetHints":{"allow":["GET"]}}],"collection":[{"href":"https:\/\/www.pauldanielgruber.com\/psychologie\/de_de\/wp-json\/wp\/v2\/pages"}],"about":[{"href":"https:\/\/www.pauldanielgruber.com\/psychologie\/de_de\/wp-json\/wp\/v2\/types\/page"}],"author":[{"embeddable":true,"href":"https:\/\/www.pauldanielgruber.com\/psychologie\/de_de\/wp-json\/wp\/v2\/users\/1"}],"replies":[{"embeddable":true,"href":"https:\/\/www.pauldanielgruber.com\/psychologie\/de_de\/wp-json\/wp\/v2\/comments?post=24"}],"version-history":[{"count":12,"href":"https:\/\/www.pauldanielgruber.com\/psychologie\/de_de\/wp-json\/wp\/v2\/pages\/24\/revisions"}],"predecessor-version":[{"id":123,"href":"https:\/\/www.pauldanielgruber.com\/psychologie\/de_de\/wp-json\/wp\/v2\/pages\/24\/revisions\/123"}],"wp:attachment":[{"href":"https:\/\/www.pauldanielgruber.com\/psychologie\/de_de\/wp-json\/wp\/v2\/media?parent=24"}],"curies":[{"name":"wp","href":"https:\/\/api.w.org\/{rel}","templated":true}]}}